{"id":2,"date":"2014-08-22T18:50:31","date_gmt":"2014-08-22T18:50:31","guid":{"rendered":"http:\/\/sites.dwrl.utexas.edu\/hixenbaugh\/?page_id=2"},"modified":"2015-11-29T12:52:48","modified_gmt":"2015-11-29T18:52:48","slug":"cv","status":"publish","type":"page","link":"https:\/\/sites.dwrl.utexas.edu\/hixenbaugh\/cv\/","title":{"rendered":"CV"},"content":{"rendered":"<h2><strong>Dustin Hixenbaugh<\/strong><\/h2>\n<p>Curriculum vitae, November 2015<\/p>\n<hr \/>\n<h3>EDUCATION<\/h3>\n<table style=\"height: 96px\" width=\"533\">\n<tbody>\n<tr>\n<td style=\"width: 50px;vertical-align: top\">2016<\/td>\n<td><\/td>\n<td style=\"width: 575px\">Ph.D., Comparative Literature, University of Texas at Austin. Dissertation: &#8220;Inventing Cuauht\u00e9moc: The Conquest of Mexico in the Nineteenth-Century Historical Novel.&#8221; Supervised by John Mor\u00e1n Gonz\u00e1lez and C\u00e9sar A. Salgado.<\/td>\n<\/tr>\n<tr>\n<td style=\"width: 50px;vertical-align: top\">2011<\/td>\n<td><\/td>\n<td style=\"width: 575px\">M.A., Comparative Literature, University of Texas at Austin. Thesis: &#8220;Supplement to a Superficial Education: Didacticism and Performance in J\u00falia Lopes de Almeida&#8217;s <em>Livro das noivas<\/em> (1896). Supervised by S\u00f3nia Roncador and C\u00e9sar A. Salgado.<\/td>\n<\/tr>\n<tr>\n<td style=\"width: 50px;vertical-align: top\">2006<\/td>\n<td><\/td>\n<td style=\"width: 575px\">B.A., English; B.A., Spanish, Southern Illinois University at Carbondale. Study abroad at Universidad Cat\u00f3lica del Urugay.<\/td>\n<\/tr>\n<\/tbody>\n<\/table>\n<hr \/>\n<h3>TEACHING APPOINTMENTS<\/h3>\n<table style=\"height: 96px\" width=\"543\">\n<tbody>\n<tr>\n<td style=\"width: 50px;vertical-align: top\">2013-<\/td>\n<td><\/td>\n<td style=\"width: 575px\">Assistant Instructor, Dept. of Rhetoric and Writing, UT Austin;<br \/>\nConsultant, Undergraduate Writing Center, UT Austin (2013-2014)<\/td>\n<\/tr>\n<tr>\n<td style=\"width: 50px;vertical-align: top\">2013-14<\/td>\n<td><\/td>\n<td style=\"width: 575px\">Assistant Instructor, SPURS (Students Partnering for Undergraduate Rhetoric Success) Dual-Enrollment Program, Division of Diversity and Community Engagement, UT Austin; Pharr-San Juan-Alamo (TX) Independent School District<\/td>\n<\/tr>\n<tr>\n<td style=\"width: 50px;vertical-align: top\">2012-13<\/td>\n<td><\/td>\n<td style=\"width: 575px\">Assistant Instructor, Dept. of Spanish and Portuguese, UT Austin<\/td>\n<\/tr>\n<tr>\n<td style=\"width: 50px;vertical-align: top\">2009-11<\/td>\n<td><\/td>\n<td style=\"width: 575px\">Teacher&#8217;s Assistant, Dept. of English, UT Austin<\/td>\n<\/tr>\n<tr>\n<td style=\"width: 50px;vertical-align: top\">2006-9<\/td>\n<td><\/td>\n<td style=\"width: 575px\">Teacher, English Language Arts, La Joya High School, La Joya, TX<\/td>\n<\/tr>\n<tr>\n<td style=\"width: 50px;vertical-align: top\">2003-6<\/td>\n<td><\/td>\n<td style=\"width: 575px\">Consultant, University Writing Center, SIU Carbondale<\/td>\n<\/tr>\n<\/tbody>\n<\/table>\n<hr \/>\n<h3>TEACHING TRAINING &amp; CURRICULUM DEVELOPMENT<\/h3>\n<table style=\"height: 252px\" width=\"541\">\n<tbody>\n<tr>\n<td style=\"width: 50px;vertical-align: top\">2014<\/td>\n<td><\/td>\n<td style=\"width: 575px\">Writer, First-Year Composition Curriculum, Dept. of Rhetoric and Writing, UT Austin<\/td>\n<\/tr>\n<tr>\n<td style=\"width: 50px;vertical-align: top\">2013<\/td>\n<td><\/td>\n<td>Director, Summer School Credit Recovery Program, Sam Houston Math, Science, and Technology Center, Teach For America Institute, Houston, TX<\/td>\n<\/tr>\n<tr>\n<td style=\"width: 50px;vertical-align: top\">2012<\/td>\n<td><\/td>\n<td>Director, Summer School Credit Recovery Program, James Madison High School, Teach For America Institute, Houston, TX<\/td>\n<\/tr>\n<tr>\n<td style=\"width: 50px;vertical-align: top\">2010-11<\/td>\n<td><\/td>\n<td>Writer, Secondary English Language Arts Curriculum (Grades 7-12), Houston Independent School District, Houston, TX<\/td>\n<\/tr>\n<tr>\n<td style=\"width: 50px;vertical-align: top\">2010-11<\/td>\n<td><\/td>\n<td>Literacy Specialist, Teach For America Institute, Houston, TX<\/td>\n<\/tr>\n<tr>\n<td style=\"width: 50px;vertical-align: top\">2010<\/td>\n<td><\/td>\n<td>Consultant and Curriculum Writer, Texans Can! Academy, Dallas, TX<\/td>\n<\/tr>\n<\/tbody>\n<\/table>\n<hr \/>\n<h3>TEACHING AWARDS<\/h3>\n<table width=\"379\">\n<tbody>\n<tr>\n<td style=\"width: 50px\">2015<\/td>\n<td><\/td>\n<td style=\"width: 575px\"><a href=\"http:\/\/www.utexas.edu\/cola\/rhetoric\/news\/article.php?id=9471\">Hairston Prize for Excellence in Teaching<\/a>, Dept. of Rhetoric and Writing, UT Austin<\/td>\n<\/tr>\n<tr>\n<td style=\"width: 50px\">2012-3<\/td>\n<td><\/td>\n<td style=\"width: 575px\">Graduate Teaching Scholar, Center for Teaching and Learning, UT Austin<\/td>\n<\/tr>\n<tr>\n<td style=\"width: 50px\">2011<\/td>\n<td><\/td>\n<td style=\"width: 575px\"><a href=\"http:\/\/www.utexas.edu\/cola\/progs\/complit\/news\/4049\">Outstanding Teaching Assistant Award<\/a>, Dept. of English, UT Austin<\/td>\n<\/tr>\n<tr>\n<td style=\"width: 50px\">2009<\/td>\n<td><\/td>\n<td style=\"width: 575px\">Teacher of the Year, La Joya Independent School District, La Joya, TX<\/td>\n<\/tr>\n<tr>\n<td style=\"width: 50px\">2009<\/td>\n<td><\/td>\n<td style=\"width: 575px\">Teacher of the Year, La Joya High School, La Joya, TX<\/td>\n<\/tr>\n<\/tbody>\n<\/table>\n<h3><\/h3>\n<hr \/>\n<h3>PUBLICATIONS<\/h3>\n<h3>Book Reviews<\/h3>\n<table>\n<tbody>\n<tr>\n<td style=\"width: 40px;vertical-align: top\">\u00a0TBD<\/td>\n<td><\/td>\n<td style=\"width: 600px\">Review of <em>Aztl\u00e1n and Arcadia: Religion, Ethnicity, and the Creation of Place<\/em> by Roberto Lint Sagarena. Forthcoming in <em>E3W Review of Books.<\/em><\/td>\n<\/tr>\n<tr>\n<td style=\"width: 40px;vertical-align: top\">\u00a0TBD<\/td>\n<td><\/td>\n<td style=\"width: 600px\">Review of <em>Americans in the Treasure House: Travel to Porfirian Mexico and the Cultural Politics of Empire<\/em> by Jason Ruiz. Accepted for publication at <em>Clio: A Journal of Literature, History, and the Philosophy of History.<\/em><\/td>\n<\/tr>\n<tr>\n<td style=\"width: 40px;vertical-align: top\">2014<\/td>\n<td><\/td>\n<td style=\"width: 600px\"><a href=\"http:\/\/www.dwrl.utexas.edu\/orgs\/e3w\/volume-14-spring-2014\/ethnic-regionalisms-and-national-imaginaries\/dustin-hixenbaugh-on-race-romance-and-rebellion-literatures-of-the-americas-in-the-nineteenth-century\">Review of <em>Romance, Race, and Rebellion: Literatures of the Americas in the Nineteenth Century<\/em><\/a> by Colleen C. O&#8217;Brien. <em>E3W Review of Books<\/em> 14 (2014): 38-9.<\/td>\n<\/tr>\n<tr>\n<td style=\"width: 40px;vertical-align: top\">2012<\/td>\n<td><\/td>\n<td style=\"width: 600px\"><a href=\"http:\/\/www.dwrl.utexas.edu\/orgs\/e3w\/volume-12-spring-2012\/contested-cities\/dustin-hixenbaugh-on-the-enchanting-soul-of-the-streets\">Review of <em>A alma encantadora das ruas\/The Enchanting Soul of the Streets<\/em> <\/a>[bilingual edition] by Jo\u00e3o do Rio and translated by Mark Carlyon. <em>E3W Literatures Review of Books<\/em> 12 (2012): 72-3.<\/td>\n<\/tr>\n<\/tbody>\n<\/table>\n<h3>\u00a0Related Digital Publications<\/h3>\n<table width=\"666\">\n<tbody>\n<tr>\n<td style=\"width: 40px;vertical-align: top\">\u00a02015<\/td>\n<td><\/td>\n<td style=\"width: 600px\"><a href=\"http:\/\/bloggingpedagogy.dwrl.utexas.edu\/content\/6-tips-making-most-your-class-blog\">&#8220;6 Tips for Making the Most of Your Class Blog.&#8221;<\/a> <em>Blogging Pedagogy<\/em>. Digital Writing and Research Lab, Dept. of Rhetoric and Writing, UT Austin. 5 Feb.<\/td>\n<\/tr>\n<tr>\n<td style=\"width: 40px;vertical-align: top\">\u00a02014<\/td>\n<td><\/td>\n<td style=\"width: 600px\"><a href=\"http:\/\/bloggingpedagogy.dwrl.utexas.edu\/content\/student-research-era-bookless-libraries\">&#8220;Student Research in the Era of Bookless Libraries.&#8221;<\/a> <em>Blogging Pedagogy<\/em>. Digital Writing and Research Lab, Dept. of Rhetoric and Writing, UT Austin, 13 Oct.<\/td>\n<\/tr>\n<\/tbody>\n<\/table>\n<hr \/>\n<h3>CONFERENCE PRESENTATIONS<\/h3>\n<h3>Panels Organized<\/h3>\n<table style=\"height: 27px\" width=\"472\">\n<tbody>\n<tr>\n<td style=\"width: 40px;vertical-align: top\">2014<\/td>\n<td><\/td>\n<td style=\"width: 600px\">\u201cOn Pretzelcoatl: The Conquest of Mexico in the U.S. Popular Imagination.\u201d Rethinking Comparison: Relationality, Intertextuality, Materiality: 11<sup>th<\/sup> Annual Graduate Conference in Comparative Literature, UT Austin, Sep. 26-28.<\/td>\n<\/tr>\n<\/tbody>\n<\/table>\n<h3>Papers Presented (Selected)<\/h3>\n<table style=\"height: 152px\" width=\"472\">\n<tbody>\n<tr>\n<td style=\"width: 40px;vertical-align: top\">2015<\/td>\n<td><\/td>\n<td style=\"width: 600px\">&#8220;<em>Jicot\u00e9ncal<\/em> (1826) and Alternate Genealogies of the Historical Novel in Spanish-Speaking America.&#8221; American Comparative Literature Association (ACLA) Annual Meeting, University of Washington, March 26-29.<\/td>\n<\/tr>\n<tr>\n<td style=\"width: 40px;vertical-align: top\">2014<\/td>\n<td><\/td>\n<td style=\"width: 600px\">\u201cOn <em>Aztec Revelations or, Leaves from the Life of the Fate-Doomed <\/em>(1849).\u201d Rethinking Comparison: Relationality, Intertextuality, Materiality: 11<sup>th<\/sup> Annual Graduate Conference in Comparative Literature, UT Austin, Sep. 26-28.<\/td>\n<\/tr>\n<tr>\n<td style=\"width: 40px;vertical-align: top\">2014<\/td>\n<td><\/td>\n<td style=\"width: 600px\">\u201cThe Prince of (Ta)Cuba: Refashioning History in Avellaneda\u2019s <em>Guatimozin<\/em> (1846).\u201d 200<sup>th<\/sup> Anniversary of Avellaneda, Cuban Research Institute, Florida International University, April 4.<\/td>\n<\/tr>\n<tr>\n<td style=\"width: 40px;vertical-align: top\">2014<\/td>\n<td><\/td>\n<td style=\"width: 600px\">\u201cGuatimozin: The Last of the Warrior-Librarians.\u201d American Comparative Literature Association (ACLA) Annual Meeting, New York University, March 20-23.<\/td>\n<\/tr>\n<tr>\n<td style=\"width: 40px;vertical-align: top\">2014<\/td>\n<td><\/td>\n<td style=\"width: 600px\">\u201cQuetzal\u2019s Blank Fourth Wall: Archival Fashioning in Lew Wallace\u2019s <em>The Fair God<\/em> (1873).\u201d Seminar on \u201cThe Hemispheric South and the (Un)Common Ground of Comparability,\u201d C19: Society of Nineteenth-Century Americanists 3<sup>rd<\/sup> Biennial Conference, UNC Chapel Hill, March 13-16.<\/td>\n<\/tr>\n<tr>\n<td style=\"width: 40px;vertical-align: top\">2012<\/td>\n<td><\/td>\n<td style=\"width: 600px\">\u201cMart\u00ed on Whitman: Revisiting Homophobia in the American Chronicles.\u201d 20<sup>th<\/sup> Colloquium on Hispanic and Luso-Brazilian Literatures and Linguistics, UT Austin, March 2-3.<\/td>\n<\/tr>\n<tr>\n<td style=\"width: 40px;vertical-align: top\">2010<\/td>\n<td><\/td>\n<td style=\"width: 600px\">\u201cCatholic Heroines: Jovita Gonz\u00e1lez and the Women of <em>Caballero<\/em>.\u201d Southern Central Modern Language Association (SCMLA) 67<sup>th<\/sup> Convention, \u201cNew Frontiers,\u201d Fort Worth, Texas, Oct. 28-30.<\/td>\n<\/tr>\n<\/tbody>\n<\/table>\n<hr \/>\n<h3>ON-CAMPUS TALKS<\/h3>\n<table style=\"height: 52px\" width=\"466\">\n<tbody>\n<tr>\n<td style=\"width: 40px;vertical-align: top\">2015<\/td>\n<td><\/td>\n<td style=\"width: 600px\">Lesson Execution for New Teacher&#8217;s Assistants. Dept. of English, UT Austin, Aug. 21.<\/td>\n<\/tr>\n<tr>\n<td style=\"width: 40px;vertical-align: top\">2014<\/td>\n<td><\/td>\n<td style=\"width: 600px\">Introduction to Editing Audio Using Garageband and Audacity. Digital Writing and Research Lab, Dept. of Rhetoric and Writing, UT Austin, Oct. 17.<\/td>\n<\/tr>\n<tr>\n<td style=\"width: 40px;vertical-align: top\">2013<\/td>\n<td><\/td>\n<td style=\"width: 600px\">\u201cTeaching across Lines of Difference: Responding to Diversity in University Classes.\u201d Center for Teaching and Learning, UT Austin, April 25.<\/td>\n<\/tr>\n<tr>\n<td style=\"width: 40px;vertical-align: top\">2013<\/td>\n<td><\/td>\n<td style=\"width: 600px\">\u201cSubalterns and Others: What Are the Limits of Postcolonial Studies?\u201d Graduate Association of Comparative Literature Students, UT Austin, April 19.<\/td>\n<\/tr>\n<tr>\n<td style=\"width: 40px;vertical-align: top\">2013<\/td>\n<td><\/td>\n<td style=\"width: 600px\">Graduate Student Teaching Panel Discussion. Graduate Professional Development Week, Graduate Student Assembly, UT Austin, Jan. 15.<\/td>\n<\/tr>\n<\/tbody>\n<\/table>\n<hr \/>\n<h3>FELLOWSHIPS &amp; OTHER AWARDS<\/h3>\n<table style=\"height: 102px\" width=\"475\">\n<tbody>\n<tr>\n<td style=\"width: 50px\">2015<\/td>\n<td><\/td>\n<td style=\"width: 575px\">Professional Development Award, Graduate School, UT Austin<\/td>\n<\/tr>\n<tr>\n<td style=\"width: 50px\">2014<\/td>\n<td><\/td>\n<td style=\"width: 575px\">Professional Development Award, Graduate School, UT Austin<\/td>\n<\/tr>\n<tr>\n<td style=\"width: 50px\">2011-12<\/td>\n<td><\/td>\n<td style=\"width: 575px\">Foreign Language Area Studies (FLAS) Academic Year Fellowship (Portuguese), Teresa Lozano Long Institute for Latin American Studies, UT Austin<\/td>\n<\/tr>\n<tr>\n<td style=\"width: 50px\">2006<\/td>\n<td><\/td>\n<td style=\"width: 575px\">25 Most Distinguished Seniors Award, Alumni Association, SIU Carbondale<\/td>\n<\/tr>\n<tr>\n<td style=\"width: 50px\">2006<\/td>\n<td><\/td>\n<td style=\"width: 575px\">Carl Lutes Outstanding English Major Award, SIUC<\/td>\n<\/tr>\n<tr>\n<td style=\"width: 50px\">2006<\/td>\n<td><\/td>\n<td style=\"width: 575px\">Southworth Award for Foreign Language and Literatures, SIU Carbondale<\/td>\n<\/tr>\n<\/tbody>\n<\/table>\n<hr \/>\n<h3>CLASSES TAUGHT<\/h3>\n<h3>University of Texas at Austin<\/h3>\n<p>&#8220;The Rhetoric of Country Music,&#8221; Spring 2016, Fall 2015, Spring 2015, Fall 2014<br \/>\n&#8220;Rhetoric and Writing,&#8221; Summer Bridge 2015, Spring 2014, Fall 2013<br \/>\n\u201cIntroduction to Spanish,\u201d Spring 2013, Fall 2012<br \/>\n\u201cMasterworks of Literature\u201d (as TA), Spring 2011, Fall 2010, Spring 2010, Fall 2009<\/p>\n<h3>Teach For America Houston Institute<br \/>\nChavez, Davis, and Madison High Schools<\/h3>\n<p>&#8220;Diversity, Community, and Achievement,&#8221; Summer 2011<br \/>\n&#8220;Secondary Literacy,&#8221; Summer 2011, Summer 2010<\/p>\n<h3>La Joya High School, La Joya, TX<\/h3>\n<p>English Language Arts, 9th Grade, 2008-2009<br \/>\nEnglish Language Arts, 12th Grade, 2006-2008<br \/>\nESL\/State Exam Preparation, 2007-2009<br \/>\nCompetitive Debate, 2007-2009<\/p>\n<h3>Scarborough High School, Houston, TX<\/h3>\n<p>English Language Arts, 10th Grade (as Student Teacher), Summer 2006<\/p>\n<hr \/>\n<h3>SERVICE TO PROFESSION<\/h3>\n<table style=\"height: 252px\" width=\"541\">\n<tbody>\n<tr>\n<td style=\"width: 50px;vertical-align: top\">2015<\/td>\n<td><\/td>\n<td style=\"width: 575px\">Leader, <a href=\"http:\/\/zeugma.dwrl.utexas.edu\/\"><em>Zeugma <\/em>Podcast<\/a> Group, Digital Writing and Research Lab, UT Austin<\/td>\n<\/tr>\n<tr>\n<td style=\"width: 50px;vertical-align: top\">2014-15<\/td>\n<td><\/td>\n<td>Member, First-Year Forum (FYF) Text Selection Committee, Department of Rhetoric and Writing, UT Austin<\/td>\n<\/tr>\n<tr>\n<td style=\"width: 50px;vertical-align: top\">2014<\/td>\n<td><\/td>\n<td>Member, Committee organized to collect and curate student work for use in the Dept. of Rhetoric and Writing&#8217;s in-house textbook, <em>Controversies<\/em>.<\/td>\n<\/tr>\n<tr>\n<td style=\"width: 50px;vertical-align: top\">2012<\/td>\n<td><\/td>\n<td>Editorial Assistant, <em>Domestic Servants in Literature and Testimony in Brazil, 1889-1999 <\/em>by S\u00f4nia Roncador (Palgrave, 2014)<\/td>\n<\/tr>\n<tr>\n<td style=\"width: 50px;vertical-align: top\">2012<\/td>\n<td><\/td>\n<td>President, Graduate Association of Comparative Literature Students, UT Austin<\/td>\n<\/tr>\n<tr>\n<td style=\"width: 50px;vertical-align: top\">2012<\/td>\n<td><\/td>\n<td>Special Section Co-Editor (with Elizabeth DeMott), \u201cContested Cities,\u201d <em>Ethnic and Third World (E3W) Literatures Review of Books<\/em> 12 (2012): 66-83<\/td>\n<\/tr>\n<tr>\n<td style=\"width: 50px;vertical-align: top\">2012<\/td>\n<td><\/td>\n<td>Member, Livingston Graduate Award Selection Committee, UT Austin<\/td>\n<\/tr>\n<tr>\n<td style=\"width: 50px;vertical-align: top\">2011<\/td>\n<td><\/td>\n<td>Conference Organizer, 8<sup>th<\/sup> Annual Graduate Conference in Comparative Literature with keynote speaker Idelber Avelar, UT Austin, Sep. 30-Oct. 1.<\/td>\n<\/tr>\n<tr>\n<td style=\"width: 50px;vertical-align: top\">2010<\/td>\n<td><\/td>\n<td>Student Representative, Comparative Literature Course Committee, UT Austin<\/td>\n<\/tr>\n<tr>\n<td style=\"width: 50px;vertical-align: top\">2005<\/td>\n<td><\/td>\n<td>Editorial Assistant, <em>Essays in Medieval Studies <\/em>22 (2005), Illinois Medieval Association, edited by Anita R. Riedinger<\/td>\n<\/tr>\n<\/tbody>\n<\/table>\n<hr \/>\n<h3>COMMUNITY INVOLVEMENT (SELECTED)<\/h3>\n<table style=\"height: 102px\" width=\"551\">\n<tbody>\n<tr>\n<td>2011-13<\/td>\n<td style=\"width: 15px\"><\/td>\n<td>Mentor to Thammika Songkaeo through Graduate Association of Comparative Literature Students (GRACLS), UT Austin<\/td>\n<\/tr>\n<tr>\n<td>2012-13<\/td>\n<td style=\"width: 15px\"><\/td>\n<td>Member, OUTGrads LGBTQ Association, UT Austin<\/td>\n<\/tr>\n<tr>\n<td>2010-12<\/td>\n<td style=\"width: 15px\"><\/td>\n<td>Leader, LGBTQ Affinity Group, Teach For America Houston Institute<\/td>\n<\/tr>\n<tr>\n<td>2009-10<\/td>\n<td style=\"width: 15px\"><\/td>\n<td>College Application Coach, Breakthrough Collaborative, Austin<\/td>\n<\/tr>\n<\/tbody>\n<\/table>\n<hr \/>\n<h3>LANGUAGES<\/h3>\n<table style=\"height: 77px\" width=\"550\">\n<tbody>\n<tr>\n<td>English (native)<\/td>\n<td><\/td>\n<td><\/td>\n<td><\/td>\n<\/tr>\n<tr>\n<td>Spanish<\/td>\n<td>Reading: fluent<\/td>\n<td>Speaking: fluent<\/td>\n<td>Writing: advanced<\/td>\n<\/tr>\n<tr>\n<td>Portuguese<\/td>\n<td>Reading: advanced<\/td>\n<td>Speaking: good<\/td>\n<td>Writing: good<\/td>\n<\/tr>\n<\/tbody>\n<\/table>\n<h3><\/h3>\n<hr \/>\n<h3>PROFESSIONAL AFFILIATIONS<\/h3>\n<p>Modern Language Association<br \/>\nAmerican Comparative Literature Association<br \/>\nSociety of Nineteenth Century Americanists<\/p>\n","protected":false},"excerpt":{"rendered":"<p>Dustin Hixenbaugh Curriculum vitae, November 2015 EDUCATION 2016 Ph.D., Comparative Literature, University of Texas at Austin. Dissertation: &#8220;Inventing Cuauht\u00e9moc: The Conquest of Mexico in the Nineteenth-Century Historical Novel.&#8221; Supervised by John Mor\u00e1n Gonz\u00e1lez and C\u00e9sar A. Salgado. 2011 M.A., Comparative Literature, University of Texas at Austin. Thesis: &#8220;Supplement to a Superficial Education: Didacticism and Performance [&hellip;]<\/p>\n","protected":false},"author":8,"featured_media":0,"parent":0,"menu_order":1,"comment_status":"closed","ping_status":"closed","template":"","meta":{"footnotes":""},"class_list":["post-2","page","type-page","status-publish","hentry"],"_links":{"self":[{"href":"https:\/\/sites.dwrl.utexas.edu\/hixenbaugh\/wp-json\/wp\/v2\/pages\/2","targetHints":{"allow":["GET"]}}],"collection":[{"href":"https:\/\/sites.dwrl.utexas.edu\/hixenbaugh\/wp-json\/wp\/v2\/pages"}],"about":[{"href":"https:\/\/sites.dwrl.utexas.edu\/hixenbaugh\/wp-json\/wp\/v2\/types\/page"}],"author":[{"embeddable":true,"href":"https:\/\/sites.dwrl.utexas.edu\/hixenbaugh\/wp-json\/wp\/v2\/users\/8"}],"replies":[{"embeddable":true,"href":"https:\/\/sites.dwrl.utexas.edu\/hixenbaugh\/wp-json\/wp\/v2\/comments?post=2"}],"version-history":[{"count":29,"href":"https:\/\/sites.dwrl.utexas.edu\/hixenbaugh\/wp-json\/wp\/v2\/pages\/2\/revisions"}],"predecessor-version":[{"id":529,"href":"https:\/\/sites.dwrl.utexas.edu\/hixenbaugh\/wp-json\/wp\/v2\/pages\/2\/revisions\/529"}],"wp:attachment":[{"href":"https:\/\/sites.dwrl.utexas.edu\/hixenbaugh\/wp-json\/wp\/v2\/media?parent=2"}],"curies":[{"name":"wp","href":"https:\/\/api.w.org\/{rel}","templated":true}]}}